{"id":8291,"date":"2023-03-15T17:26:53","date_gmt":"2023-03-15T16:26:53","guid":{"rendered":"https:\/\/shop.kc-tothepoint.com\/?page_id=8291"},"modified":"2025-06-06T09:10:42","modified_gmt":"2025-06-06T07:10:42","slug":"kontakt","status":"publish","type":"page","link":"https:\/\/shop.kc-tothepoint.com\/de\/kontakt\/","title":{"rendered":"Kontakt"},"content":{"rendered":"<p>[et_pb_section fb_built=&#8221;1&#8243; _builder_version=&#8221;4.20.2&#8243; _module_preset=&#8221;default&#8221; background_color=&#8221;#F8F5EE&#8221; background_enable_image=&#8221;off&#8221; bottom_divider_style=&#8221;curve&#8221; bottom_divider_color=&#8221;#FFFFFF&#8221; bottom_divider_height=&#8221;40px&#8221; background_last_edited=&#8221;off|desktop&#8221; background_size_phone=&#8221;initial&#8221; background_position_phone=&#8221;center&#8221; global_colors_info=&#8221;{}&#8221;][et_pb_row column_structure=&#8221;1_2,1_2&#8243; make_equal=&#8221;on&#8221; _builder_version=&#8221;4.20.2&#8243; _module_preset=&#8221;default&#8221; custom_padding=&#8221;||||false|false&#8221; global_colors_info=&#8221;{}&#8221;][et_pb_column type=&#8221;1_2&#8243; _builder_version=&#8221;4.16&#8243; _module_preset=&#8221;default&#8221; global_colors_info=&#8221;{}&#8221;][et_pb_text _builder_version=&#8221;4.20.2&#8243; _module_preset=&#8221;default&#8221; text_font_size=&#8221;22px&#8221; custom_margin=&#8221;||||false|false&#8221; header_font_size_tablet=&#8221;&#8221; header_font_size_phone=&#8221;40px&#8221; header_font_size_last_edited=&#8221;on|phone&#8221; global_colors_info=&#8221;{}&#8221;]<\/p>\n<h1>Kontakt<\/h1>\n<p>[\/et_pb_text][\/et_pb_column][et_pb_column type=&#8221;1_2&#8243; _builder_version=&#8221;4.16&#8243; _module_preset=&#8221;default&#8221; global_colors_info=&#8221;{}&#8221;][\/et_pb_column][\/et_pb_row][\/et_pb_section][et_pb_section fb_built=&#8221;1&#8243; _builder_version=&#8221;4.20.2&#8243; _module_preset=&#8221;default&#8221; global_colors_info=&#8221;{}&#8221;][et_pb_row column_structure=&#8221;1_2,1_2&#8243; _builder_version=&#8221;4.20.2&#8243; _module_preset=&#8221;default&#8221; global_colors_info=&#8221;{}&#8221;][et_pb_column type=&#8221;1_2&#8243; _builder_version=&#8221;4.20.2&#8243; _module_preset=&#8221;default&#8221; global_colors_info=&#8221;{}&#8221;][et_pb_text _builder_version=&#8221;4.20.2&#8243; _module_preset=&#8221;default&#8221; global_colors_info=&#8221;{}&#8221;]<\/p>\n<h4>Kontakt<\/h4>\n<p>C.F. Smeetslaan 147<br \/>1901GL Castricum (NL)<\/p>\n<p>info@kc-ToThePoint.com<\/p>\n<p><span style=\"font-size: 14px;\">m-f 09:00-16:30  <\/span><\/p>\n<h4>Informationen zum Unternehmen<\/h4>\n<p><a href=\"https:\/\/shop.kc-tothepoint.com\/de\/allgemeine-geschaeftsbedingungen\/\">Allgemeine Bedingungen und Konditionen<\/a><br \/><a href=\"https:\/\/shop.kc-tothepoint.com\/de\/datenschutz\/\">Datenschutz<\/a><br \/><a href=\"https:\/\/shop.kc-tothepoint.com\/de\/rueckerstattung-und-rueckgabepolitik\/\">R\u00fcckerstattung und R\u00fcckgabe<\/a><\/p>\n<p>KVK 64398900<br \/>VAT NL001639631B04<\/p>\n<p>[\/et_pb_text][\/et_pb_column][et_pb_column type=&#8221;1_2&#8243; _builder_version=&#8221;4.20.2&#8243; _module_preset=&#8221;default&#8221; global_colors_info=&#8221;{}&#8221;][\/et_pb_column][\/et_pb_row][\/et_pb_section][et_pb_section fb_built=&#8221;1&#8243; module_id=&#8221;treffen Sie&#8221; _builder_version=&#8221;4.20.2&#8243; _module_preset=&#8221;default&#8221; background_color=&#8221;#F8F5EE&#8221; top_divider_color=&#8221;#FFFFFF&#8221; top_divider_height=&#8221;40px&#8221; global_module=&#8221;7815&#8243; saved_tabs=&#8221;all&#8221; global_colors_info=&#8221;{}&#8221;][et_pb_row column_structure=&#8221;1_2,1_2&#8243; _builder_version=&#8221;4.20.2&#8243; _module_preset=&#8221;default&#8221; global_colors_info=&#8221;{}&#8221;][et_pb_column type=&#8221;1_2&#8243; _builder_version=&#8221;4.20.2&#8243; _module_preset=&#8221;default&#8221; global_colors_info=&#8221;{}&#8221;][et_pb_text _builder_version=&#8221;4.20.4&#8243; _module_preset=&#8221;default&#8221; global_colors_info=&#8221;{}&#8221;]<\/p>\n<h2>M\u00f6chten Sie mehr erfahren?<\/h2>\n<p><span>Hinterlassen Sie eine Nachricht und wir werden sie so schnell wie m\u00f6glich beantworten.<\/span><\/p>\n<p>[\/et_pb_text][\/et_pb_column][et_pb_column type=&#8221;1_2&#8243; _builder_version=&#8221;4.20.2&#8243; _module_preset=&#8221;default&#8221; global_colors_info=&#8221;{}&#8221;][et_pb_code _builder_version=&#8221;4.20.2&#8243; _module_preset=&#8221;default&#8221; global_colors_info=&#8221;{}&#8221;]\n<div class=\"wpcf7 no-js\" id=\"wpcf7-f9711-o1\" lang=\"de-DE\" dir=\"ltr\" data-wpcf7-id=\"9711\">\n<div class=\"screen-reader-response\"><p role=\"status\" aria-live=\"polite\" aria-atomic=\"true\"><\/p> <ul><\/ul><\/div>\n<form action=\"\/de\/wp-json\/wp\/v2\/pages\/8291#wpcf7-f9711-o1\" method=\"post\" class=\"wpcf7-form init\" aria-label=\"Kontaktformular\" novalidate=\"novalidate\" data-status=\"init\">\n<fieldset class=\"hidden-fields-container\"><input type=\"hidden\" name=\"_wpcf7\" value=\"9711\" \/><input type=\"hidden\" name=\"_wpcf7_version\" value=\"6.1.5\" \/><input type=\"hidden\" name=\"_wpcf7_locale\" value=\"de_DE\" \/><input type=\"hidden\" name=\"_wpcf7_unit_tag\" value=\"wpcf7-f9711-o1\" \/><input type=\"hidden\" name=\"_wpcf7_container_post\" value=\"0\" \/><input type=\"hidden\" name=\"_wpcf7_posted_data_hash\" value=\"\" \/>\n<\/fieldset>\n<p><span class=\"wpcf7-form-control-wrap\" data-name=\"ihr-name\"><input size=\"40\" maxlength=\"400\" class=\"wpcf7-form-control wpcf7-text wpcf7-validates-as-required\" aria-required=\"true\" aria-invalid=\"false\" value=\"Vorname\" type=\"text\" name=\"ihr-name\" \/><\/span><br \/>\n<span class=\"wpcf7-form-control-wrap\" data-name=\"ihr-email\"><input size=\"40\" maxlength=\"400\" class=\"wpcf7-form-control wpcf7-email wpcf7-validates-as-required wpcf7-text wpcf7-validates-as-email\" aria-required=\"true\" aria-invalid=\"false\" value=\"E-Mail-Adresse\" type=\"email\" name=\"ihr-email\" \/><\/span><br \/>\n<span class=\"wpcf7-form-control-wrap\" data-name=\"your-message\"><textarea cols=\"40\" rows=\"10\" maxlength=\"2000\" class=\"wpcf7-form-control wpcf7-textarea\" aria-invalid=\"false\" placeholder=\"Nachricht\" name=\"your-message\"><\/textarea><\/span>[honigtopf-s\u00fc\u00dfer]<br \/>\n<input class=\"wpcf7-form-control wpcf7-submit has-spinner et_pb_contact_submit et_pb_button button-cta\" type=\"submit\" value=\"Nachricht senden\" \/>\n<\/p><input type='hidden' class='wpcf7-pum' value='{\"closepopup\":false,\"closedelay\":0,\"openpopup\":false,\"openpopup_id\":0}' \/><div class=\"wpcf7-response-output\" aria-hidden=\"true\"><\/div>\n<\/form>\n<\/div>\n[\/et_pb_code][\/et_pb_column][\/et_pb_row][\/et_pb_section]<\/p>\n","protected":false},"excerpt":{"rendered":"<p>KontaktKontakt C.F. Smeetslaan 1471901GL Castricum (NL) info@kc-ToThePoint.com m-f 09:00-16:30 Informationen zum Unternehmen Allgemeine Bedingungen und KonditionenDatenschutzR\u00fcckerstattung und R\u00fcckgabe KVK 64398900VAT NL001639631B04M\u00f6chten Sie mehr erfahren? Hinterlassen Sie eine Nachricht und wir werden sie so schnell wie m\u00f6glich beantworten.\n<div class=\"wpcf7 no-js\" id=\"wpcf7-f9711-o2\" lang=\"de-DE\" dir=\"ltr\" data-wpcf7-id=\"9711\">\n<div class=\"screen-reader-response\"><p role=\"status\" aria-live=\"polite\" aria-atomic=\"true\"><\/p> <ul><\/ul><\/div>\n<form action=\"\/de\/wp-json\/wp\/v2\/pages\/8291#wpcf7-f9711-o2\" method=\"post\" class=\"wpcf7-form init\" aria-label=\"Kontaktformular\" novalidate=\"novalidate\" data-status=\"init\">\n<fieldset class=\"hidden-fields-container\"><input type=\"hidden\" name=\"_wpcf7\" value=\"9711\" \/><input type=\"hidden\" name=\"_wpcf7_version\" value=\"6.1.5\" \/><input type=\"hidden\" name=\"_wpcf7_locale\" value=\"de_DE\" \/><input type=\"hidden\" name=\"_wpcf7_unit_tag\" value=\"wpcf7-f9711-o2\" \/><input type=\"hidden\" name=\"_wpcf7_container_post\" value=\"0\" \/><input type=\"hidden\" name=\"_wpcf7_posted_data_hash\" value=\"\" \/>\n<\/fieldset>\n<p><span class=\"wpcf7-form-control-wrap\" data-name=\"ihr-name\"><input size=\"40\" maxlength=\"400\" class=\"wpcf7-form-control wpcf7-text wpcf7-validates-as-required\" aria-required=\"true\" aria-invalid=\"false\" value=\"Vorname\" type=\"text\" name=\"ihr-name\" \/><\/span><br \/>\n<span class=\"wpcf7-form-control-wrap\" data-name=\"ihr-email\"><input size=\"40\" maxlength=\"400\" class=\"wpcf7-form-control wpcf7-email wpcf7-validates-as-required wpcf7-text wpcf7-validates-as-email\" aria-required=\"true\" aria-invalid=\"false\" value=\"E-Mail-Adresse\" type=\"email\" name=\"ihr-email\" \/><\/span><br \/>\n<span class=\"wpcf7-form-control-wrap\" data-name=\"your-message\"><textarea cols=\"40\" rows=\"10\" maxlength=\"2000\" class=\"wpcf7-form-control wpcf7-textarea\" aria-invalid=\"false\" placeholder=\"Nachricht\" name=\"your-message\"><\/textarea><\/span>[honigtopf-s\u00fc\u00dfer]<br \/>\n<input class=\"wpcf7-form-control wpcf7-submit has-spinner et_pb_contact_submit et_pb_button button-cta\" type=\"submit\" value=\"Nachricht senden\" \/>\n<\/p><input type='hidden' class='wpcf7-pum' value='{\"closepopup\":false,\"closedelay\":0,\"openpopup\":false,\"openpopup_id\":0}' \/><div class=\"wpcf7-response-output\" aria-hidden=\"true\"><\/div>\n<\/form>\n<\/div>\n<\/p>\n","protected":false},"author":21,"featured_media":0,"parent":0,"menu_order":9,"comment_status":"closed","ping_status":"closed","template":"","meta":{"_et_pb_use_builder":"on","_et_pb_old_content":"","_et_gb_content_width":"","footnotes":""},"class_list":["post-8291","page","type-page","status-publish","hentry"],"yoast_head":"<!-- This site is optimized with the Yoast SEO plugin v27.5 - https:\/\/yoast.com\/product\/yoast-seo-wordpress\/ -->\n<title>Kontakt - kc ToThePoint<\/title>\n<meta name=\"robots\" content=\"index, follow, max-snippet:-1, max-image-preview:large, max-video-preview:-1\" \/>\n<link rel=\"canonical\" href=\"https:\/\/shop.kc-tothepoint.com\/de\/kontakt\/\" \/>\n<meta property=\"og:locale\" content=\"de_DE\" \/>\n<meta property=\"og:type\" content=\"article\" \/>\n<meta property=\"og:title\" content=\"Kontakt - kc ToThePoint\" \/>\n<meta property=\"og:description\" content=\"KontaktKontakt C.F. Smeetslaan 1471901GL Castricum (NL) info@kc-ToThePoint.com m-f 09:00-16:30 Informationen zum Unternehmen Allgemeine Bedingungen und KonditionenDatenschutzR\u00fcckerstattung und R\u00fcckgabe KVK 64398900VAT NL001639631B04M\u00f6chten Sie mehr erfahren? Hinterlassen Sie eine Nachricht und wir werden sie so schnell wie m\u00f6glich beantworten.\" \/>\n<meta property=\"og:url\" content=\"https:\/\/shop.kc-tothepoint.com\/de\/kontakt\/\" \/>\n<meta property=\"og:site_name\" content=\"kc ToThePoint\" \/>\n<meta property=\"article:modified_time\" content=\"2025-06-06T07:10:42+00:00\" \/>\n<meta property=\"og:image\" content=\"https:\/\/shop.kc-tothepoint.com\/wp-content\/uploads\/2023\/03\/ToThePoint_logoDEF_FC.png\" \/>\n\t<meta property=\"og:image:width\" content=\"3154\" \/>\n\t<meta property=\"og:image:height\" content=\"2118\" \/>\n\t<meta property=\"og:image:type\" content=\"image\/png\" \/>\n<meta name=\"twitter:card\" content=\"summary_large_image\" \/>\n<meta name=\"twitter:label1\" content=\"Gesch\u00e4tzte Lesezeit\" \/>\n\t<meta name=\"twitter:data1\" content=\"1\u00a0Minute\" \/>\n<script type=\"application\/ld+json\" class=\"yoast-schema-graph\">{\"@context\":\"https:\\\/\\\/schema.org\",\"@graph\":[{\"@type\":\"WebPage\",\"@id\":\"https:\\\/\\\/shop.kc-tothepoint.com\\\/de\\\/kontakt\\\/\",\"url\":\"https:\\\/\\\/shop.kc-tothepoint.com\\\/de\\\/kontakt\\\/\",\"name\":\"Kontakt - kc ToThePoint\",\"isPartOf\":{\"@id\":\"https:\\\/\\\/shop.kc-tothepoint.com\\\/de\\\/#website\"},\"datePublished\":\"2023-03-15T16:26:53+00:00\",\"dateModified\":\"2025-06-06T07:10:42+00:00\",\"breadcrumb\":{\"@id\":\"https:\\\/\\\/shop.kc-tothepoint.com\\\/de\\\/kontakt\\\/#breadcrumb\"},\"inLanguage\":\"de\",\"potentialAction\":[{\"@type\":\"ReadAction\",\"target\":[\"https:\\\/\\\/shop.kc-tothepoint.com\\\/de\\\/kontakt\\\/\"]}]},{\"@type\":\"BreadcrumbList\",\"@id\":\"https:\\\/\\\/shop.kc-tothepoint.com\\\/de\\\/kontakt\\\/#breadcrumb\",\"itemListElement\":[{\"@type\":\"ListItem\",\"position\":1,\"name\":\"Home\",\"item\":\"https:\\\/\\\/shop.kc-tothepoint.com\\\/de\\\/\"},{\"@type\":\"ListItem\",\"position\":2,\"name\":\"Kontakt\"}]},{\"@type\":\"WebSite\",\"@id\":\"https:\\\/\\\/shop.kc-tothepoint.com\\\/de\\\/#website\",\"url\":\"https:\\\/\\\/shop.kc-tothepoint.com\\\/de\\\/\",\"name\":\"To The Point\",\"description\":\"knowledgecentre for bereaved children\",\"publisher\":{\"@id\":\"https:\\\/\\\/shop.kc-tothepoint.com\\\/de\\\/#organization\"},\"potentialAction\":[{\"@type\":\"SearchAction\",\"target\":{\"@type\":\"EntryPoint\",\"urlTemplate\":\"https:\\\/\\\/shop.kc-tothepoint.com\\\/de\\\/?s={search_term_string}\"},\"query-input\":{\"@type\":\"PropertyValueSpecification\",\"valueRequired\":true,\"valueName\":\"search_term_string\"}}],\"inLanguage\":\"de\"},{\"@type\":\"Organization\",\"@id\":\"https:\\\/\\\/shop.kc-tothepoint.com\\\/de\\\/#organization\",\"name\":\"To The Point\",\"url\":\"https:\\\/\\\/shop.kc-tothepoint.com\\\/de\\\/\",\"logo\":{\"@type\":\"ImageObject\",\"inLanguage\":\"de\",\"@id\":\"https:\\\/\\\/shop.kc-tothepoint.com\\\/de\\\/#\\\/schema\\\/logo\\\/image\\\/\",\"url\":\"https:\\\/\\\/shop.kc-tothepoint.com\\\/wp-content\\\/uploads\\\/2023\\\/03\\\/ToThePoint_logoDEF_FC.png\",\"contentUrl\":\"https:\\\/\\\/shop.kc-tothepoint.com\\\/wp-content\\\/uploads\\\/2023\\\/03\\\/ToThePoint_logoDEF_FC.png\",\"width\":3154,\"height\":2118,\"caption\":\"To The Point\"},\"image\":{\"@id\":\"https:\\\/\\\/shop.kc-tothepoint.com\\\/de\\\/#\\\/schema\\\/logo\\\/image\\\/\"}}]}<\/script>\n<!-- \/ Yoast SEO plugin. -->","yoast_head_json":{"title":"Kontakt - kc ToThePoint","robots":{"index":"index","follow":"follow","max-snippet":"max-snippet:-1","max-image-preview":"max-image-preview:large","max-video-preview":"max-video-preview:-1"},"canonical":"https:\/\/shop.kc-tothepoint.com\/de\/kontakt\/","og_locale":"de_DE","og_type":"article","og_title":"Kontakt - kc ToThePoint","og_description":"KontaktKontakt C.F. Smeetslaan 1471901GL Castricum (NL) info@kc-ToThePoint.com m-f 09:00-16:30 Informationen zum Unternehmen Allgemeine Bedingungen und KonditionenDatenschutzR\u00fcckerstattung und R\u00fcckgabe KVK 64398900VAT NL001639631B04M\u00f6chten Sie mehr erfahren? Hinterlassen Sie eine Nachricht und wir werden sie so schnell wie m\u00f6glich beantworten.","og_url":"https:\/\/shop.kc-tothepoint.com\/de\/kontakt\/","og_site_name":"kc ToThePoint","article_modified_time":"2025-06-06T07:10:42+00:00","og_image":[{"width":3154,"height":2118,"url":"https:\/\/shop.kc-tothepoint.com\/wp-content\/uploads\/2023\/03\/ToThePoint_logoDEF_FC.png","type":"image\/png"}],"twitter_card":"summary_large_image","twitter_misc":{"Gesch\u00e4tzte Lesezeit":"1\u00a0Minute"},"schema":{"@context":"https:\/\/schema.org","@graph":[{"@type":"WebPage","@id":"https:\/\/shop.kc-tothepoint.com\/de\/kontakt\/","url":"https:\/\/shop.kc-tothepoint.com\/de\/kontakt\/","name":"Kontakt - kc ToThePoint","isPartOf":{"@id":"https:\/\/shop.kc-tothepoint.com\/de\/#website"},"datePublished":"2023-03-15T16:26:53+00:00","dateModified":"2025-06-06T07:10:42+00:00","breadcrumb":{"@id":"https:\/\/shop.kc-tothepoint.com\/de\/kontakt\/#breadcrumb"},"inLanguage":"de","potentialAction":[{"@type":"ReadAction","target":["https:\/\/shop.kc-tothepoint.com\/de\/kontakt\/"]}]},{"@type":"BreadcrumbList","@id":"https:\/\/shop.kc-tothepoint.com\/de\/kontakt\/#breadcrumb","itemListElement":[{"@type":"ListItem","position":1,"name":"Home","item":"https:\/\/shop.kc-tothepoint.com\/de\/"},{"@type":"ListItem","position":2,"name":"Kontakt"}]},{"@type":"WebSite","@id":"https:\/\/shop.kc-tothepoint.com\/de\/#website","url":"https:\/\/shop.kc-tothepoint.com\/de\/","name":"To The Point","description":"knowledgecentre for bereaved children","publisher":{"@id":"https:\/\/shop.kc-tothepoint.com\/de\/#organization"},"potentialAction":[{"@type":"SearchAction","target":{"@type":"EntryPoint","urlTemplate":"https:\/\/shop.kc-tothepoint.com\/de\/?s={search_term_string}"},"query-input":{"@type":"PropertyValueSpecification","valueRequired":true,"valueName":"search_term_string"}}],"inLanguage":"de"},{"@type":"Organization","@id":"https:\/\/shop.kc-tothepoint.com\/de\/#organization","name":"To The Point","url":"https:\/\/shop.kc-tothepoint.com\/de\/","logo":{"@type":"ImageObject","inLanguage":"de","@id":"https:\/\/shop.kc-tothepoint.com\/de\/#\/schema\/logo\/image\/","url":"https:\/\/shop.kc-tothepoint.com\/wp-content\/uploads\/2023\/03\/ToThePoint_logoDEF_FC.png","contentUrl":"https:\/\/shop.kc-tothepoint.com\/wp-content\/uploads\/2023\/03\/ToThePoint_logoDEF_FC.png","width":3154,"height":2118,"caption":"To The Point"},"image":{"@id":"https:\/\/shop.kc-tothepoint.com\/de\/#\/schema\/logo\/image\/"}}]}},"_links":{"self":[{"href":"https:\/\/shop.kc-tothepoint.com\/de\/wp-json\/wp\/v2\/pages\/8291","targetHints":{"allow":["GET"]}}],"collection":[{"href":"https:\/\/shop.kc-tothepoint.com\/de\/wp-json\/wp\/v2\/pages"}],"about":[{"href":"https:\/\/shop.kc-tothepoint.com\/de\/wp-json\/wp\/v2\/types\/page"}],"author":[{"embeddable":true,"href":"https:\/\/shop.kc-tothepoint.com\/de\/wp-json\/wp\/v2\/users\/21"}],"replies":[{"embeddable":true,"href":"https:\/\/shop.kc-tothepoint.com\/de\/wp-json\/wp\/v2\/comments?post=8291"}],"version-history":[{"count":11,"href":"https:\/\/shop.kc-tothepoint.com\/de\/wp-json\/wp\/v2\/pages\/8291\/revisions"}],"predecessor-version":[{"id":9458,"href":"https:\/\/shop.kc-tothepoint.com\/de\/wp-json\/wp\/v2\/pages\/8291\/revisions\/9458"}],"wp:attachment":[{"href":"https:\/\/shop.kc-tothepoint.com\/de\/wp-json\/wp\/v2\/media?parent=8291"}],"curies":[{"name":"wp","href":"https:\/\/api.w.org\/{rel}","templated":true}]}}