{"id":8149,"date":"2022-05-09T12:52:51","date_gmt":"2022-05-09T10:52:51","guid":{"rendered":"https:\/\/shop.kc-tothepoint.com\/product\/unkategorisiert\/sarg-schmal-tan\/"},"modified":"2025-06-06T09:11:26","modified_gmt":"2025-06-06T07:11:26","slug":"uitvaartkist-smal-tan","status":"publish","type":"product","link":"https:\/\/shop.kc-tothepoint.com\/de\/product\/trauerspielzeug\/uitvaartkist-smal-tan\/","title":{"rendered":"Bestattungssarg schmal hellbraun"},"content":{"rendered":"","protected":false},"excerpt":{"rendered":"<p style=\"font-weight: 400;\">Der revolution\u00e4re Spielzeugsarg f\u00fcr Beerdigungen: Verwandeln Sie Trauer in kraftvolle Erinnerung<\/p>\n<p style=\"font-weight: 400;\">Inmitten von gro\u00dfem Verlust und Trauer kann es eine Herausforderung sein, Trost zu finden oder Kindern den Tod zu erkl\u00e4ren. Wir bei TothePoint Knowledge Centre sind der Meinung, dass jeder, unabh\u00e4ngig vom Alter, die Chance verdient, seine Gef\u00fchle auszudr\u00fccken und sich auf sinnvolle Weise an seine Lieben zu erinnern. Deshalb sind wir stolz darauf, Ihnen unsere neueste Innovation vorzustellen: den Funeral Toy Casket, ein au\u00dfergew\u00f6hnliches Hilfsmittel, das Kindern helfen soll, mit dem Verlust umzugehen und gleichzeitig das Verst\u00e4ndnis zu f\u00f6rdern.  <\/p>\n<ol style=\"font-weight: 400;\">\n<li>Ein z\u00e4rtlicher Umgang mit der Trauer:<\/li>\n<\/ol>\n<p style=\"font-weight: 400;\">Die Toy Funeral Box ist kein gew\u00f6hnliches Spielzeug, sondern ein mitf\u00fchlendes und sensibles Medium, um Gespr\u00e4che \u00fcber den Tod anzuregen und an sch\u00f6ne Erinnerungen zu erinnern. Wir wissen, dass es schwierig sein kann, mit Kindern \u00fcber den Verlust zu sprechen. Genau deshalb haben wir dieses Produkt so sorgf\u00e4ltig entwickelt. Mit ihrem kindgerechten Design bietet diese Miniaturbox eine Einf\u00fchrung in das Konzept des Todes und erleichtert es jungen Menschen, ihre Gef\u00fchle zu verarbeiten.  <\/p>\n<ol style=\"font-weight: 400;\">\n<li>Ermutigen Sie zu emotionalem Ausdruck:<\/li>\n<\/ol>\n<p style=\"font-weight: 400;\">Kindern f\u00e4llt es oft schwer, ihre Gef\u00fchle der Trauer in Worte zu fassen, was zu Verwirrung und sogar emotionaler Not f\u00fchren kann. Unsere Spielzeug-Trauerbox bietet Kindern einen sicheren Raum, in dem sie ihre Gef\u00fchle auf gesunde und konstruktive Weise erkunden und ausdr\u00fccken k\u00f6nnen. Die interaktiven Elemente und anpassbaren Funktionen, wie z. B. pers\u00f6nliche Nachrichten und Zeichnungen, erm\u00f6glichen es Kindern, aktiv am Trauerprozess teilzunehmen und f\u00f6rdern so emotionales Wachstum und Widerstandsf\u00e4higkeit.  <\/p>\n<ol style=\"font-weight: 400;\">\n<li>F\u00f6rderung von Verst\u00e4ndnis und Empathie:<\/li>\n<\/ol>\n<p style=\"font-weight: 400;\">In einer Welt, in der der Tod oft stigmatisiert und aus Gespr\u00e4chen herausgehalten wird, ist es wichtig, Kindern etwas \u00fcber den nat\u00fcrlichen Kreislauf des Lebens beizubringen. Die Spielzeug-Begr\u00e4bnisbox ist ein wertvolles p\u00e4dagogisches Instrument, das Eltern, Lehrer und Betreuer nutzen k\u00f6nnen, um offene Gespr\u00e4che \u00fcber Verlust, Sterblichkeit und die Bedeutung des Gedenkens zu f\u00fchren. Indem wir Empathie und Verst\u00e4ndnis schon in jungen Jahren f\u00f6rdern, versetzen wir k\u00fcnftige Generationen in die Lage, den Herausforderungen des Lebens mit Anmut und Mitgef\u00fchl zu begegnen.  <\/p>\n<ol style=\"font-weight: 400;\">\n<li>Ein bleibender Tribut an sch\u00f6ne Erinnerungen:<\/li>\n<\/ol>\n<p style=\"font-weight: 400;\">Erinnerungen sind die unbezahlbaren Sch\u00e4tze, die unsere Liebsten in unseren Herzen lebendig halten. Der Spielzeugsarg regt Kinder dazu an, diese wertvollen Erinnerungen auf kreative Weise zu ehren und zu feiern. Mit den abnehmbaren Paneelen k\u00f6nnen Kinder den Sarg mit Fotos, Zeichnungen oder aufrichtigen Botschaften personalisieren und so ein sch\u00f6nes Andenken an ihre Liebsten schaffen. Dieser Prozess hilft nicht nur dabei, Erinnerungen zu bewahren, sondern bietet auch ein Gef\u00fchl von Trost und Abschluss im Trauerprozess.   <\/p>\n<ol style=\"font-weight: 400;\">\n<li>Hervorragende Handwerkskunst und Qualit\u00e4t:<\/li>\n<\/ol>\n<p style=\"font-weight: 400;\">Wir wissen, wie wichtig ein Produkt ist, das sowohl \u00e4sthetisch als auch langlebig ist. Der Spielzeugsarg wird sorgf\u00e4ltig aus hochwertigen Materialien hergestellt, um Langlebigkeit zu gew\u00e4hrleisten und den Test der Zeit zu bestehen. Unsere Liebe zum Detail und unser Engagement f\u00fcr Exzellenz stellen sicher, dass dieses einzigartige St\u00fcck \u00fcber Jahre hinweg als bedeutungsvolles Andenken dienen wird.  <\/p>\n<ol style=\"font-weight: 400;\">\n<li>Ein Werkzeug f\u00fcr Heilung und Resilienz:<\/li>\n<\/ol>\n<p style=\"font-weight: 400;\">Trauer ist eine sehr pers\u00f6nliche Reise und wir glauben, dass jeder Mensch Zugang zu den Werkzeugen haben sollte, die er zur Heilung ben\u00f6tigt. Die Toy Funeral Box ist ein wirkungsvolles Instrument in diesem Prozess. Sie f\u00f6rdert die emotionale Widerstandskraft und ist eine Quelle des Trostes in Zeiten des Verlustes. Indem wir Kindern eine greifbare und zug\u00e4ngliche M\u00f6glichkeit bieten, mit ihren Gef\u00fchlen in Kontakt zu treten, bef\u00e4higen wir sie, ihre Trauer anzunehmen, sie in St\u00e4rke umzuwandeln und den Weg der Heilung zu gehen.  <\/p>\n<p style=\"font-weight: 400;\">Wir vom TothePoint Knowledge Centre haben es uns zur Aufgabe gemacht, Menschen aller Altersgruppen w\u00e4hrend ihres Trauerprozesses zu unterst\u00fctzen. Die Toy Funeral Box ist ein Beweis f\u00fcr unser Engagement, eine mitf\u00fchlendere Welt zu schaffen, in der Verlust mit Verst\u00e4ndnis begegnet wird und die Erinnerung zu einer Quelle des Trostes wird. Begleiten Sie uns auf dieser transformativen Reise und geben Sie Ihrem Kind die M\u00f6glichkeit, sich auszudr\u00fccken, zu heilen und sich f\u00fcr immer zu erinnern.  <\/p>\n<p style=\"font-weight: 400;\"><strong>Der Sarg kan nicht ge\u00f6ffnet werden. Der Minifigs passen nicht in dieser Sarg. Optisch passen sie.<\/strong><\/p>\n","protected":false},"featured_media":8597,"comment_status":"closed","ping_status":"closed","template":"","meta":{"_et_pb_use_builder":"","_et_pb_old_content":"","_et_gb_content_width":""},"product_brand":[],"product_cat":[87],"product_tag":[],"class_list":{"0":"post-8149","1":"product","2":"type-product","3":"status-publish","4":"has-post-thumbnail","6":"product_cat-trauerspielzeug","7":"product_shipping_class-briefkastenpaket","9":"first","10":"instock","11":"taxable","12":"shipping-taxable","13":"purchasable","14":"product-type-simple"},"bundled_by":[],"bundle_stock_status":"instock","bundle_stock_quantity":5,"bundle_virtual":false,"bundle_layout":"","bundle_add_to_cart_form_location":"","bundle_editable_in_cart":false,"bundle_sold_individually_context":"","bundle_item_grouping":"","bundle_min_size":"","bundle_max_size":"","bundle_price":[],"bundled_items":[],"bundle_sell_ids":[],"yoast_head":"<!-- This site is optimized with the Yoast SEO plugin v27.5 - https:\/\/yoast.com\/product\/yoast-seo-wordpress\/ -->\n<title>Bestattungssarg schmal hellbraun - kc ToThePoint<\/title>\n<meta name=\"description\" content=\"Sarg schmal. Der Sarg kan nicht ge\u00f6ffnet werden. Der Minifigs passen nicht in dieser Sarg. Optisch passen sie. Paket kommt ineinander gebastelt und ohne Bauanleitung.\" \/>\n<meta name=\"robots\" content=\"index, follow, max-snippet:-1, max-image-preview:large, max-video-preview:-1\" \/>\n<link rel=\"canonical\" href=\"https:\/\/shop.kc-tothepoint.com\/de\/product\/trauerspielzeug\/uitvaartkist-smal-tan\/\" \/>\n<meta property=\"og:locale\" content=\"de_DE\" \/>\n<meta property=\"og:type\" content=\"article\" \/>\n<meta property=\"og:title\" content=\"Bestattungssarg schmal hellbraun - kc ToThePoint\" \/>\n<meta property=\"og:description\" content=\"Sarg schmal. Der Sarg kan nicht ge\u00f6ffnet werden. Der Minifigs passen nicht in dieser Sarg. Optisch passen sie. Paket kommt ineinander gebastelt und ohne Bauanleitung.\" \/>\n<meta property=\"og:url\" content=\"https:\/\/shop.kc-tothepoint.com\/de\/product\/trauerspielzeug\/uitvaartkist-smal-tan\/\" \/>\n<meta property=\"og:site_name\" content=\"kc ToThePoint\" \/>\n<meta property=\"article:modified_time\" content=\"2025-06-06T07:11:26+00:00\" \/>\n<meta property=\"og:image\" content=\"https:\/\/shop.kc-tothepoint.com\/wp-content\/uploads\/2021\/12\/2016-12-23-12.27.56-min.jpg\" \/>\n\t<meta property=\"og:image:width\" content=\"800\" \/>\n\t<meta property=\"og:image:height\" content=\"600\" \/>\n\t<meta property=\"og:image:type\" content=\"image\/jpeg\" \/>\n<meta name=\"twitter:card\" content=\"summary_large_image\" \/>\n<script type=\"application\/ld+json\" class=\"yoast-schema-graph\">{\"@context\":\"https:\\\/\\\/schema.org\",\"@graph\":[{\"@type\":\"WebPage\",\"@id\":\"https:\\\/\\\/shop.kc-tothepoint.com\\\/de\\\/product\\\/trauerspielzeug\\\/uitvaartkist-smal-tan\\\/\",\"url\":\"https:\\\/\\\/shop.kc-tothepoint.com\\\/de\\\/product\\\/trauerspielzeug\\\/uitvaartkist-smal-tan\\\/\",\"name\":\"Bestattungssarg schmal hellbraun - kc ToThePoint\",\"isPartOf\":{\"@id\":\"https:\\\/\\\/shop.kc-tothepoint.com\\\/de\\\/#website\"},\"primaryImageOfPage\":{\"@id\":\"https:\\\/\\\/shop.kc-tothepoint.com\\\/de\\\/product\\\/trauerspielzeug\\\/uitvaartkist-smal-tan\\\/#primaryimage\"},\"image\":{\"@id\":\"https:\\\/\\\/shop.kc-tothepoint.com\\\/de\\\/product\\\/trauerspielzeug\\\/uitvaartkist-smal-tan\\\/#primaryimage\"},\"thumbnailUrl\":\"https:\\\/\\\/shop.kc-tothepoint.com\\\/wp-content\\\/uploads\\\/2021\\\/12\\\/2016-12-23-12.27.56-min.jpg\",\"datePublished\":\"2022-05-09T10:52:51+00:00\",\"dateModified\":\"2025-06-06T07:11:26+00:00\",\"description\":\"Sarg schmal. Der Sarg kan nicht ge\u00f6ffnet werden. Der Minifigs passen nicht in dieser Sarg. Optisch passen sie. Paket kommt ineinander gebastelt und ohne Bauanleitung.\",\"breadcrumb\":{\"@id\":\"https:\\\/\\\/shop.kc-tothepoint.com\\\/de\\\/product\\\/trauerspielzeug\\\/uitvaartkist-smal-tan\\\/#breadcrumb\"},\"inLanguage\":\"de\",\"potentialAction\":[{\"@type\":\"ReadAction\",\"target\":[\"https:\\\/\\\/shop.kc-tothepoint.com\\\/de\\\/product\\\/trauerspielzeug\\\/uitvaartkist-smal-tan\\\/\"]}]},{\"@type\":\"ImageObject\",\"inLanguage\":\"de\",\"@id\":\"https:\\\/\\\/shop.kc-tothepoint.com\\\/de\\\/product\\\/trauerspielzeug\\\/uitvaartkist-smal-tan\\\/#primaryimage\",\"url\":\"https:\\\/\\\/shop.kc-tothepoint.com\\\/wp-content\\\/uploads\\\/2021\\\/12\\\/2016-12-23-12.27.56-min.jpg\",\"contentUrl\":\"https:\\\/\\\/shop.kc-tothepoint.com\\\/wp-content\\\/uploads\\\/2021\\\/12\\\/2016-12-23-12.27.56-min.jpg\",\"width\":800,\"height\":600},{\"@type\":\"BreadcrumbList\",\"@id\":\"https:\\\/\\\/shop.kc-tothepoint.com\\\/de\\\/product\\\/trauerspielzeug\\\/uitvaartkist-smal-tan\\\/#breadcrumb\",\"itemListElement\":[{\"@type\":\"ListItem\",\"position\":1,\"name\":\"Home\",\"item\":\"https:\\\/\\\/shop.kc-tothepoint.com\\\/de\\\/\"},{\"@type\":\"ListItem\",\"position\":2,\"name\":\"Shop\",\"item\":\"https:\\\/\\\/shop.kc-tothepoint.com\\\/de\\\/shop\\\/\"},{\"@type\":\"ListItem\",\"position\":3,\"name\":\"Bestattungssarg schmal hellbraun\"}]},{\"@type\":\"WebSite\",\"@id\":\"https:\\\/\\\/shop.kc-tothepoint.com\\\/de\\\/#website\",\"url\":\"https:\\\/\\\/shop.kc-tothepoint.com\\\/de\\\/\",\"name\":\"To The Point\",\"description\":\"knowledgecentre for bereaved children\",\"publisher\":{\"@id\":\"https:\\\/\\\/shop.kc-tothepoint.com\\\/de\\\/#organization\"},\"potentialAction\":[{\"@type\":\"SearchAction\",\"target\":{\"@type\":\"EntryPoint\",\"urlTemplate\":\"https:\\\/\\\/shop.kc-tothepoint.com\\\/de\\\/?s={search_term_string}\"},\"query-input\":{\"@type\":\"PropertyValueSpecification\",\"valueRequired\":true,\"valueName\":\"search_term_string\"}}],\"inLanguage\":\"de\"},{\"@type\":\"Organization\",\"@id\":\"https:\\\/\\\/shop.kc-tothepoint.com\\\/de\\\/#organization\",\"name\":\"To The Point\",\"url\":\"https:\\\/\\\/shop.kc-tothepoint.com\\\/de\\\/\",\"logo\":{\"@type\":\"ImageObject\",\"inLanguage\":\"de\",\"@id\":\"https:\\\/\\\/shop.kc-tothepoint.com\\\/de\\\/#\\\/schema\\\/logo\\\/image\\\/\",\"url\":\"https:\\\/\\\/shop.kc-tothepoint.com\\\/wp-content\\\/uploads\\\/2023\\\/03\\\/ToThePoint_logoDEF_FC.png\",\"contentUrl\":\"https:\\\/\\\/shop.kc-tothepoint.com\\\/wp-content\\\/uploads\\\/2023\\\/03\\\/ToThePoint_logoDEF_FC.png\",\"width\":3154,\"height\":2118,\"caption\":\"To The Point\"},\"image\":{\"@id\":\"https:\\\/\\\/shop.kc-tothepoint.com\\\/de\\\/#\\\/schema\\\/logo\\\/image\\\/\"}}]}<\/script>\n<!-- \/ Yoast SEO plugin. -->","yoast_head_json":{"title":"Bestattungssarg schmal hellbraun - kc ToThePoint","description":"Sarg schmal. Der Sarg kan nicht ge\u00f6ffnet werden. Der Minifigs passen nicht in dieser Sarg. Optisch passen sie. Paket kommt ineinander gebastelt und ohne Bauanleitung.","robots":{"index":"index","follow":"follow","max-snippet":"max-snippet:-1","max-image-preview":"max-image-preview:large","max-video-preview":"max-video-preview:-1"},"canonical":"https:\/\/shop.kc-tothepoint.com\/de\/product\/trauerspielzeug\/uitvaartkist-smal-tan\/","og_locale":"de_DE","og_type":"article","og_title":"Bestattungssarg schmal hellbraun - kc ToThePoint","og_description":"Sarg schmal. Der Sarg kan nicht ge\u00f6ffnet werden. Der Minifigs passen nicht in dieser Sarg. Optisch passen sie. Paket kommt ineinander gebastelt und ohne Bauanleitung.","og_url":"https:\/\/shop.kc-tothepoint.com\/de\/product\/trauerspielzeug\/uitvaartkist-smal-tan\/","og_site_name":"kc ToThePoint","article_modified_time":"2025-06-06T07:11:26+00:00","og_image":[{"width":800,"height":600,"url":"https:\/\/shop.kc-tothepoint.com\/wp-content\/uploads\/2021\/12\/2016-12-23-12.27.56-min.jpg","type":"image\/jpeg"}],"twitter_card":"summary_large_image","schema":{"@context":"https:\/\/schema.org","@graph":[{"@type":"WebPage","@id":"https:\/\/shop.kc-tothepoint.com\/de\/product\/trauerspielzeug\/uitvaartkist-smal-tan\/","url":"https:\/\/shop.kc-tothepoint.com\/de\/product\/trauerspielzeug\/uitvaartkist-smal-tan\/","name":"Bestattungssarg schmal hellbraun - kc ToThePoint","isPartOf":{"@id":"https:\/\/shop.kc-tothepoint.com\/de\/#website"},"primaryImageOfPage":{"@id":"https:\/\/shop.kc-tothepoint.com\/de\/product\/trauerspielzeug\/uitvaartkist-smal-tan\/#primaryimage"},"image":{"@id":"https:\/\/shop.kc-tothepoint.com\/de\/product\/trauerspielzeug\/uitvaartkist-smal-tan\/#primaryimage"},"thumbnailUrl":"https:\/\/shop.kc-tothepoint.com\/wp-content\/uploads\/2021\/12\/2016-12-23-12.27.56-min.jpg","datePublished":"2022-05-09T10:52:51+00:00","dateModified":"2025-06-06T07:11:26+00:00","description":"Sarg schmal. Der Sarg kan nicht ge\u00f6ffnet werden. Der Minifigs passen nicht in dieser Sarg. Optisch passen sie. Paket kommt ineinander gebastelt und ohne Bauanleitung.","breadcrumb":{"@id":"https:\/\/shop.kc-tothepoint.com\/de\/product\/trauerspielzeug\/uitvaartkist-smal-tan\/#breadcrumb"},"inLanguage":"de","potentialAction":[{"@type":"ReadAction","target":["https:\/\/shop.kc-tothepoint.com\/de\/product\/trauerspielzeug\/uitvaartkist-smal-tan\/"]}]},{"@type":"ImageObject","inLanguage":"de","@id":"https:\/\/shop.kc-tothepoint.com\/de\/product\/trauerspielzeug\/uitvaartkist-smal-tan\/#primaryimage","url":"https:\/\/shop.kc-tothepoint.com\/wp-content\/uploads\/2021\/12\/2016-12-23-12.27.56-min.jpg","contentUrl":"https:\/\/shop.kc-tothepoint.com\/wp-content\/uploads\/2021\/12\/2016-12-23-12.27.56-min.jpg","width":800,"height":600},{"@type":"BreadcrumbList","@id":"https:\/\/shop.kc-tothepoint.com\/de\/product\/trauerspielzeug\/uitvaartkist-smal-tan\/#breadcrumb","itemListElement":[{"@type":"ListItem","position":1,"name":"Home","item":"https:\/\/shop.kc-tothepoint.com\/de\/"},{"@type":"ListItem","position":2,"name":"Shop","item":"https:\/\/shop.kc-tothepoint.com\/de\/shop\/"},{"@type":"ListItem","position":3,"name":"Bestattungssarg schmal hellbraun"}]},{"@type":"WebSite","@id":"https:\/\/shop.kc-tothepoint.com\/de\/#website","url":"https:\/\/shop.kc-tothepoint.com\/de\/","name":"To The Point","description":"knowledgecentre for bereaved children","publisher":{"@id":"https:\/\/shop.kc-tothepoint.com\/de\/#organization"},"potentialAction":[{"@type":"SearchAction","target":{"@type":"EntryPoint","urlTemplate":"https:\/\/shop.kc-tothepoint.com\/de\/?s={search_term_string}"},"query-input":{"@type":"PropertyValueSpecification","valueRequired":true,"valueName":"search_term_string"}}],"inLanguage":"de"},{"@type":"Organization","@id":"https:\/\/shop.kc-tothepoint.com\/de\/#organization","name":"To The Point","url":"https:\/\/shop.kc-tothepoint.com\/de\/","logo":{"@type":"ImageObject","inLanguage":"de","@id":"https:\/\/shop.kc-tothepoint.com\/de\/#\/schema\/logo\/image\/","url":"https:\/\/shop.kc-tothepoint.com\/wp-content\/uploads\/2023\/03\/ToThePoint_logoDEF_FC.png","contentUrl":"https:\/\/shop.kc-tothepoint.com\/wp-content\/uploads\/2023\/03\/ToThePoint_logoDEF_FC.png","width":3154,"height":2118,"caption":"To The Point"},"image":{"@id":"https:\/\/shop.kc-tothepoint.com\/de\/#\/schema\/logo\/image\/"}}]}},"_links":{"self":[{"href":"https:\/\/shop.kc-tothepoint.com\/de\/wp-json\/wp\/v2\/product\/8149","targetHints":{"allow":["GET"]}}],"collection":[{"href":"https:\/\/shop.kc-tothepoint.com\/de\/wp-json\/wp\/v2\/product"}],"about":[{"href":"https:\/\/shop.kc-tothepoint.com\/de\/wp-json\/wp\/v2\/types\/product"}],"replies":[{"embeddable":true,"href":"https:\/\/shop.kc-tothepoint.com\/de\/wp-json\/wp\/v2\/comments?post=8149"}],"wp:featuredmedia":[{"embeddable":true,"href":"https:\/\/shop.kc-tothepoint.com\/de\/wp-json\/wp\/v2\/media\/8597"}],"wp:attachment":[{"href":"https:\/\/shop.kc-tothepoint.com\/de\/wp-json\/wp\/v2\/media?parent=8149"}],"wp:term":[{"taxonomy":"product_brand","embeddable":true,"href":"https:\/\/shop.kc-tothepoint.com\/de\/wp-json\/wp\/v2\/product_brand?post=8149"},{"taxonomy":"product_cat","embeddable":true,"href":"https:\/\/shop.kc-tothepoint.com\/de\/wp-json\/wp\/v2\/product_cat?post=8149"},{"taxonomy":"product_tag","embeddable":true,"href":"https:\/\/shop.kc-tothepoint.com\/de\/wp-json\/wp\/v2\/product_tag?post=8149"}],"curies":[{"name":"wp","href":"https:\/\/api.w.org\/{rel}","templated":true}]}}